{"id":1649,"date":"2026-03-26T13:46:12","date_gmt":"2026-03-26T12:46:12","guid":{"rendered":"https:\/\/apartcottage.pl\/terms-and-conditions\/"},"modified":"2026-04-08T16:22:12","modified_gmt":"2026-04-08T14:22:12","slug":"terms-and-conditions","status":"publish","type":"page","link":"https:\/\/apartcottage.pl\/en\/terms-and-conditions\/","title":{"rendered":"Terms and Conditions"},"content":{"rendered":"\t\t<div data-elementor-type=\"wp-page\" data-elementor-id=\"1649\" class=\"elementor elementor-1649 elementor-1287\" data-elementor-settings=\"{&quot;ha_cmc_init_switcher&quot;:&quot;no&quot;}\" data-elementor-post-type=\"page\">\n\t\t\t\t<div data-particle_enable=\"false\" data-particle-mobile-disabled=\"false\" class=\"elementor-element elementor-element-6259c52 e-flex e-con-boxed e-con e-parent\" data-id=\"6259c52\" data-element_type=\"container\" data-e-type=\"container\" data-settings=\"{&quot;background_background&quot;:&quot;classic&quot;,&quot;_ha_eqh_enable&quot;:false}\">\n\t\t\t\t\t<div class=\"e-con-inner\">\n\t\t\t\t<div class=\"elementor-element elementor-element-475783e elementor-widget__width-initial elementor-widget-tablet__width-initial elementor-widget elementor-widget-heading\" data-id=\"475783e\" data-element_type=\"widget\" data-e-type=\"widget\" data-widget_type=\"heading.default\">\n\t\t\t\t\t<h1 class=\"elementor-heading-title elementor-size-default\">Terms and Conditions<\/h1>\t\t\t\t<\/div>\n\t\t\t\t\t<\/div>\n\t\t\t\t<\/div>\n\t\t<div data-particle_enable=\"false\" data-particle-mobile-disabled=\"false\" class=\"elementor-element elementor-element-53f3d0f e-flex e-con-boxed e-con e-parent\" data-id=\"53f3d0f\" data-element_type=\"container\" data-e-type=\"container\" data-settings=\"{&quot;_ha_eqh_enable&quot;:false}\">\n\t\t\t\t\t<div class=\"e-con-inner\">\n\t\t\t\t<div class=\"elementor-element elementor-element-2fd7c5f elementor-widget elementor-widget-text-editor\" data-id=\"2fd7c5f\" data-element_type=\"widget\" data-e-type=\"widget\" data-widget_type=\"text-editor.default\">\n\t\t\t\t\t\t\t\t\t<p style=\"text-align: center;\"><strong>Welcome!<\/strong><\/p><p style=\"text-align: left;\">We encourage you to read the terms and conditions outlining the responsibilities of guests using our property. We want to ensure the safety and comfort of our guests during their stay. <\/p><p class=\"font-claude-response-body break-words whitespace-normal leading-[1.7]\">These terms and conditions govern the use of services provided by: TENNISBU\u0141ATSKI BARTOSZ BU\u0141AT ul. \u015bw. Miko\u0142aja 51\/52 lok. 1, 50-127 Wroc\u0142aw NIP: 8862442409<\/p><p class=\"font-claude-response-body break-words whitespace-normal leading-[1.7]\"><strong>Accommodation properties:<\/strong><\/p><ul class=\"[li_&amp;]:mb-0 [li_&amp;]:mt-1 [li_&amp;]:gap-1 [&amp;:not(:last-child)_ul]:pb-1 [&amp;:not(:last-child)_ol]:pb-1 list-disc flex flex-col gap-1 pl-8 mb-3\"><li class=\"whitespace-normal break-words pl-2\"><strong>ul. Terenowa 22, 52-231 Wroc\u0142aw<\/strong><\/li><li class=\"whitespace-normal break-words pl-2\"><strong>ul. Terenowa 24, 52-231 Wroc\u0142aw<\/strong><\/li><li class=\"whitespace-normal break-words pl-2\"><strong>ul. \u015awidnicka 8a, 50-076 Wroc\u0142aw<\/strong><\/li><\/ul><p class=\"font-claude-response-body break-words whitespace-normal leading-[1.7]\">Contact: <a class=\"underline underline underline-offset-2 decoration-1 decoration-current\/40 hover:decoration-current focus:decoration-current\" href=\"mailto:manager.apartcottage@gmail.com\">manager.apartcottage@gmail.com<\/a> | tel. +48 694 700 800<\/p><p style=\"padding-left: 40px;\"><strong>\u27a2 General information<\/strong><\/p><ol><li>The property provides short-term accommodation services.<\/li><li>Using the services of our property constitutes acceptance of these terms and conditions.<\/li><li>The terms and conditions apply to all guests of the property.<\/li><\/ol><p><strong>For safety reasons, SMOKING IS STRICTLY PROHIBITED inside the apartment\/cottage.<\/strong><\/p>\t\t\t\t\t\t\t\t<\/div>\n\t\t\t\t<div class=\"elementor-element elementor-element-f62df88 elementor-widget elementor-widget-text-editor\" data-id=\"f62df88\" data-element_type=\"widget\" data-e-type=\"widget\" data-widget_type=\"text-editor.default\">\n\t\t\t\t\t\t\t\t\t<p><strong>1.<\/strong> Only persons registered at the time of booking may use the property. If a greater number of persons are found to be occupying\/staying at the property than were declared during booking, the Landlord may demand payment for additional guests or may terminate the agreement with the guest without any refund. <\/p>\t\t\t\t\t\t\t\t<\/div>\n\t\t\t\t<div class=\"elementor-element elementor-element-8603a63 elementor-widget elementor-widget-text-editor\" data-id=\"8603a63\" data-element_type=\"widget\" data-e-type=\"widget\" data-widget_type=\"text-editor.default\">\n\t\t\t\t\t\t\t\t\t<p><strong>2.<\/strong> The properties are rented on a per-day basis, where the day begins at 15:00 on the day of arrival and ends at 10:00 on the day of departure.  <\/p><p style=\"padding-left: 80px;\">By individual arrangement, for an additional fee of 100 PLN, early check-in (up to 2 hours earlier) or late check-out (up to 2 hours later) is possible. To arrange this, the Guest should contact ApartCottage in advance at +48 694 700 800. <\/p>\t\t\t\t\t\t\t\t<\/div>\n\t\t\t\t<div class=\"elementor-element elementor-element-2e1bb18 elementor-widget elementor-widget-text-editor\" data-id=\"2e1bb18\" data-element_type=\"widget\" data-e-type=\"widget\" data-widget_type=\"text-editor.default\">\n\t\t\t\t\t\t\t\t\t<p><strong>3.<\/strong> At check-in, the Guest is required to present a valid photo ID. At check-in, the Guest is required to sign a declaration accepting liability for any damage to the property. <\/p>\t\t\t\t\t\t\t\t<\/div>\n\t\t\t\t<div class=\"elementor-element elementor-element-6926ae0 elementor-widget elementor-widget-text-editor\" data-id=\"6926ae0\" data-element_type=\"widget\" data-e-type=\"widget\" data-widget_type=\"text-editor.default\">\n\t\t\t\t\t\t\t\t\t<p><strong>4.<\/strong> Leaving the apartment\/cottage after 10:00 without prior notice and approval entitles ApartCottage to charge a contractual penalty of 100 PLN per commenced hour until 12:00.<\/p>\t\t\t\t\t\t\t\t<\/div>\n\t\t\t\t<div class=\"elementor-element elementor-element-0080a35 elementor-widget elementor-widget-text-editor\" data-id=\"0080a35\" data-element_type=\"widget\" data-e-type=\"widget\" data-widget_type=\"text-editor.default\">\n\t\t\t\t\t\t\t\t\t<p><strong>5.<\/strong> At check-in, a refundable deposit is required to cover any potential damage or destruction during your stay: 1,000 PLN for apartment rental, 500 PLN for cottage rental. The deposit is payable in cash and is returned at check-out after the property has been inspected. <\/p>\t\t\t\t\t\t\t\t<\/div>\n\t\t\t\t<div class=\"elementor-element elementor-element-f6330ee elementor-widget elementor-widget-text-editor\" data-id=\"f6330ee\" data-element_type=\"widget\" data-e-type=\"widget\" data-widget_type=\"text-editor.default\">\n\t\t\t\t\t\t\t\t\t<p><strong>6.<\/strong> Persons occupying\/staying at the property are financially liable for any damage, vandalism or destruction of the property&#8217;s equipment and on the private grounds belonging to it.<\/p>\t\t\t\t\t\t\t\t<\/div>\n\t\t\t\t<div class=\"elementor-element elementor-element-480ffcb elementor-widget elementor-widget-text-editor\" data-id=\"480ffcb\" data-element_type=\"widget\" data-e-type=\"widget\" data-widget_type=\"text-editor.default\">\n\t\t\t\t\t\t\t\t\t<p><strong>7.<\/strong> We are not responsible for any interruptions by water or electricity suppliers. However, in the event of any failure or problems during the use of the property, please contact us \u2013 we always try to resolve any issue as quickly as possible so as not to disrupt our guests&#8217; stay. <\/p>\t\t\t\t\t\t\t\t<\/div>\n\t\t\t\t<div class=\"elementor-element elementor-element-48b2bdb elementor-widget elementor-widget-text-editor\" data-id=\"48b2bdb\" data-element_type=\"widget\" data-e-type=\"widget\" data-widget_type=\"text-editor.default\">\n\t\t\t\t\t\t\t\t\t<p><strong>8.<\/strong> We are not responsible for items and money left in the property. Responsibility for personal belongings lies with the person renting the property. Please take care of your valuables.  <\/p>\t\t\t\t\t\t\t\t<\/div>\n\t\t\t\t<div class=\"elementor-element elementor-element-886ae0e elementor-widget elementor-widget-text-editor\" data-id=\"886ae0e\" data-element_type=\"widget\" data-e-type=\"widget\" data-widget_type=\"text-editor.default\">\n\t\t\t\t\t\t\t\t\t<p><strong>9.<\/strong> If a Guest leaves personal belongings in the apartment\/cottage after check-out and requests that they be sent back, the Guest will be charged a flat fee of 140 PLN for storage and handling of the shipment, and is required to pay the delivery costs to their specified address in advance.<\/p>\t\t\t\t\t\t\t\t<\/div>\n\t\t\t\t<div class=\"elementor-element elementor-element-c36278a elementor-widget elementor-widget-text-editor\" data-id=\"c36278a\" data-element_type=\"widget\" data-e-type=\"widget\" data-widget_type=\"text-editor.default\">\n\t\t\t\t\t\t\t\t\t<p><strong>10.<\/strong> Items left in apartments\/cottages are stored for 30 days from the date of discovery. After 30 days, uncollected items will be disposed of. <\/p>\t\t\t\t\t\t\t\t<\/div>\n\t\t\t\t<div class=\"elementor-element elementor-element-39e57dd elementor-widget elementor-widget-text-editor\" data-id=\"39e57dd\" data-element_type=\"widget\" data-e-type=\"widget\" data-widget_type=\"text-editor.default\">\n\t\t\t\t\t\t\t\t\t<p><strong>11.<\/strong> In the event of early departure or failure to arrive at the property for reasons beyond the Guest&#8217;s control, payment for the unused period is non-refundable.<\/p>\t\t\t\t\t\t\t\t<\/div>\n\t\t\t\t<div class=\"elementor-element elementor-element-f710390 elementor-widget elementor-widget-text-editor\" data-id=\"f710390\" data-element_type=\"widget\" data-e-type=\"widget\" data-widget_type=\"text-editor.default\">\n\t\t\t\t\t\t\t\t\t<p><strong>12.<\/strong> The accommodation fee does not include guest insurance or cover for injuries sustained; ApartCottage is not liable for any damages or damage to property.<\/p>\t\t\t\t\t\t\t\t<\/div>\n\t\t\t\t<div class=\"elementor-element elementor-element-899a5d7 elementor-widget elementor-widget-text-editor\" data-id=\"899a5d7\" data-element_type=\"widget\" data-e-type=\"widget\" data-widget_type=\"text-editor.default\">\n\t\t\t\t\t\t\t\t\t<p><strong>13.<\/strong> The accommodation fee does not include:<br><strong>13.1.<\/strong> Additional linen and towel changes (20 PLN per person per towel change)<br><strong>13.2.<\/strong> Additional cleaning (150 PLN per additional cleaning during the stay)<\/p>\t\t\t\t\t\t\t\t<\/div>\n\t\t\t\t<div class=\"elementor-element elementor-element-3f09c4f elementor-widget elementor-widget-text-editor\" data-id=\"3f09c4f\" data-element_type=\"widget\" data-e-type=\"widget\" data-widget_type=\"text-editor.default\">\n\t\t\t\t\t\t\t\t\t<p><strong>14.<\/strong> The services referred to in point 12 are provided at the Guest&#8217;s explicit request.<\/p>\t\t\t\t\t\t\t\t<\/div>\n\t\t\t\t<div class=\"elementor-element elementor-element-8929cf4 elementor-widget elementor-widget-text-editor\" data-id=\"8929cf4\" data-element_type=\"widget\" data-e-type=\"widget\" data-widget_type=\"text-editor.default\">\n\t\t\t\t\t\t\t\t\t<p><strong>15.<\/strong> The Guest is entitled to request a free towel change every 8 days of stay in the apartment\/cottage. In such a case, the Guest should notify ApartCottage by SMS or phone. <\/p>\t\t\t\t\t\t\t\t<\/div>\n\t\t\t\t<div class=\"elementor-element elementor-element-6e8f1e2 elementor-widget elementor-widget-text-editor\" data-id=\"6e8f1e2\" data-element_type=\"widget\" data-e-type=\"widget\" data-widget_type=\"text-editor.default\">\n\t\t\t\t\t\t\t\t\t<p><strong>16.<\/strong> Please report to ApartCottage any damage or defects that occur during the use of the property.<\/p>\t\t\t\t\t\t\t\t<\/div>\n\t\t\t\t<div class=\"elementor-element elementor-element-889cb4e elementor-widget elementor-widget-text-editor\" data-id=\"889cb4e\" data-element_type=\"widget\" data-e-type=\"widget\" data-widget_type=\"text-editor.default\">\n\t\t\t\t\t\t\t\t\t<p><strong>17.<\/strong> Every time the Guest leaves the property, they should, for safety reasons, turn off the lights, switch off electrical appliances and check that the doors and windows are locked.<\/p>\t\t\t\t\t\t\t\t<\/div>\n\t\t\t\t<div class=\"elementor-element elementor-element-91b26dd elementor-widget elementor-widget-text-editor\" data-id=\"91b26dd\" data-element_type=\"widget\" data-e-type=\"widget\" data-widget_type=\"text-editor.default\">\n\t\t\t\t\t\t\t\t\t<p><strong>18.<\/strong> Bringing in explosive or flammable materials is strictly prohibited.<\/p>\t\t\t\t\t\t\t\t<\/div>\n\t\t\t\t<div class=\"elementor-element elementor-element-5bbea0c elementor-widget elementor-widget-text-editor\" data-id=\"5bbea0c\" data-element_type=\"widget\" data-e-type=\"widget\" data-widget_type=\"text-editor.default\">\n\t\t\t\t\t\t\t\t\t<p><strong>19.<\/strong> Quiet hours are from 22:00 to 06:00.<\/p>\t\t\t\t\t\t\t\t<\/div>\n\t\t\t\t<div class=\"elementor-element elementor-element-56aa2a5 elementor-widget elementor-widget-text-editor\" data-id=\"56aa2a5\" data-element_type=\"widget\" data-e-type=\"widget\" data-widget_type=\"text-editor.default\">\n\t\t\t\t\t\t\t\t\t<p><strong>20.<\/strong> In the event that police intervention is required, ApartCottage may immediately terminate the agreement without a refund. ApartCottage does not cover the costs of police intervention. <\/p>\t\t\t\t\t\t\t\t<\/div>\n\t\t\t\t<div class=\"elementor-element elementor-element-5781133 elementor-widget elementor-widget-text-editor\" data-id=\"5781133\" data-element_type=\"widget\" data-e-type=\"widget\" data-widget_type=\"text-editor.default\">\n\t\t\t\t\t\t\t\t\t<p><strong>21.<\/strong> If a Guest significantly disturbs the peace and wellbeing of neighbours and fails to comply with generally accepted standards of social conduct, ApartCottage reserves the right to terminate the Guest&#8217;s stay and is not obliged to refund payment for the unused period.<\/p>\t\t\t\t\t\t\t\t<\/div>\n\t\t\t\t<div class=\"elementor-element elementor-element-42be17e elementor-widget elementor-widget-text-editor\" data-id=\"42be17e\" data-element_type=\"widget\" data-e-type=\"widget\" data-widget_type=\"text-editor.default\">\n\t\t\t\t\t\t\t\t\t<p><strong>22.<\/strong> ApartCottage may terminate the agreement with immediate effect and without a refund in the event of non-compliance with the terms and conditions.<\/p>\t\t\t\t\t\t\t\t<\/div>\n\t\t\t\t<div class=\"elementor-element elementor-element-fb4bf87 elementor-widget elementor-widget-text-editor\" data-id=\"fb4bf87\" data-element_type=\"widget\" data-e-type=\"widget\" data-widget_type=\"text-editor.default\">\n\t\t\t\t\t\t\t\t\t<p><strong>23.<\/strong> Guests are required to keep the key to the property with due care. If a Guest loses the keys, they are obliged to cover the resulting costs. The one-time call-out fee for ApartCottage in this matter is 200 PLN, plus the costs associated with replacing and purchasing the lock cylinder.  <\/p>\t\t\t\t\t\t\t\t<\/div>\n\t\t\t\t<div class=\"elementor-element elementor-element-afbd7a7 elementor-widget elementor-widget-text-editor\" data-id=\"afbd7a7\" data-element_type=\"widget\" data-e-type=\"widget\" data-widget_type=\"text-editor.default\">\n\t\t\t\t\t\t\t\t\t<p><strong>24.<\/strong> The Guest may not hand over the key to the apartment\/cottage to third parties.<\/p>\t\t\t\t\t\t\t\t<\/div>\n\t\t\t\t<div class=\"elementor-element elementor-element-952778e elementor-widget elementor-widget-text-editor\" data-id=\"952778e\" data-element_type=\"widget\" data-e-type=\"widget\" data-widget_type=\"text-editor.default\">\n\t\t\t\t\t\t\t\t\t<p><strong>25.<\/strong> In the event of an unjustified call-out of ApartCottage staff to the apartment\/cottage, ApartCottage may charge the Guest a contractual penalty of 200 PLN per call-out.<\/p>\t\t\t\t\t\t\t\t<\/div>\n\t\t\t\t<div class=\"elementor-element elementor-element-c2ab3b0 elementor-widget elementor-widget-text-editor\" data-id=\"c2ab3b0\" data-element_type=\"widget\" data-e-type=\"widget\" data-widget_type=\"text-editor.default\">\n\t\t\t\t\t\t\t\t\t<p><strong>26.<\/strong> Immediately upon receiving the keys to the apartment\/cottage, the Guest should report any observed defects or damage by sending a standard SMS or a WhatsApp message.<\/p>\t\t\t\t\t\t\t\t<\/div>\n\t\t\t\t<div class=\"elementor-element elementor-element-6c1f75f elementor-widget elementor-widget-text-editor\" data-id=\"6c1f75f\" data-element_type=\"widget\" data-e-type=\"widget\" data-widget_type=\"text-editor.default\">\n\t\t\t\t\t\t\t\t\t<p><strong>27.<\/strong> At the Guest&#8217;s request, ApartCottage will provide all necessary instructions, including those relating to the operation of selected electrical appliances forming part of the apartment\/cottage equipment.<\/p>\t\t\t\t\t\t\t\t<\/div>\n\t\t\t\t<div class=\"elementor-element elementor-element-5d3959d elementor-widget elementor-widget-text-editor\" data-id=\"5d3959d\" data-element_type=\"widget\" data-e-type=\"widget\" data-widget_type=\"text-editor.default\">\n\t\t\t\t\t\t\t\t\t<p><strong>28.<\/strong> The Guest may not rearrange the furniture or household and electronic appliances.<\/p>\t\t\t\t\t\t\t\t<\/div>\n\t\t\t\t<div class=\"elementor-element elementor-element-3eadbbb elementor-widget elementor-widget-text-editor\" data-id=\"3eadbbb\" data-element_type=\"widget\" data-e-type=\"widget\" data-widget_type=\"text-editor.default\">\n\t\t\t\t\t\t\t\t\t<p><strong>29.<\/strong> The Guest is required to maintain the apartment in the same condition as at the beginning of the stay.<\/p>\t\t\t\t\t\t\t\t<\/div>\n\t\t\t\t<div class=\"elementor-element elementor-element-f75e234 elementor-widget elementor-widget-text-editor\" data-id=\"f75e234\" data-element_type=\"widget\" data-e-type=\"widget\" data-widget_type=\"text-editor.default\">\n\t\t\t\t\t\t\t\t\t<p><strong>30.<\/strong> The Guest is financially liable for any damage or destruction of the furnishings and technical equipment in the apartment\/cottage, unless the damage results from normal wear and tear.<\/p>\t\t\t\t\t\t\t\t<\/div>\n\t\t\t\t<div class=\"elementor-element elementor-element-91dca92 elementor-widget elementor-widget-text-editor\" data-id=\"91dca92\" data-element_type=\"widget\" data-e-type=\"widget\" data-widget_type=\"text-editor.default\">\n\t\t\t\t\t\t\t\t\t<p><strong>31.<\/strong> In the event that the apartment\/cottage is left in a state of particular disorder, especially after a party, we reserve the right to charge an additional cleaning fee. The amount of this fee will be determined in advance, based on the estimated additional working time of the cleaning staff. <\/p>\t\t\t\t\t\t\t\t<\/div>\n\t\t\t\t<div class=\"elementor-element elementor-element-7c72cd7 elementor-widget elementor-widget-text-editor\" data-id=\"7c72cd7\" data-element_type=\"widget\" data-e-type=\"widget\" data-widget_type=\"text-editor.default\">\n\t\t\t\t\t\t\t\t\t<p><strong>32.<\/strong> One parking space on site is included in the price of the stay. If you need more parking spaces, please contact us before booking.<\/p>\t\t\t\t\t\t\t\t<\/div>\n\t\t\t\t<div class=\"elementor-element elementor-element-1e48020 elementor-widget elementor-widget-text-editor\" data-id=\"1e48020\" data-element_type=\"widget\" data-e-type=\"widget\" data-widget_type=\"text-editor.default\">\n\t\t\t\t\t\t\t\t\t<p><strong>33.<\/strong> These terms and conditions constitute an agreement between the parties, binding from the moment of check-in. In the event of disputes, an amicable resolution is sought. If no agreement is reached between the parties, the dispute will be resolved by a court.<\/p>\t\t\t\t\t\t\t\t<\/div>\n\t\t\t\t<div class=\"elementor-element elementor-element-b2bf059 elementor-widget elementor-widget-text-editor\" data-id=\"b2bf059\" data-element_type=\"widget\" data-e-type=\"widget\" data-widget_type=\"text-editor.default\">\n\t\t\t\t\t\t\t\t\t<p><b>34. <\/b>The Guest may submit a complaint regarding their booking or stay by sending a request to manager.apartcottage@gmail.com or submitting it in writing to the owner. The complaint should include the Guest&#8217;s full name, date of stay and a description of the situation. Complaints are handled within 14 days of receipt, and the response is provided in the same form in which the complaint was submitted, unless the Guest indicates a different preferred method of contact.<\/p>\t\t\t\t\t\t\t\t<\/div>\n\t\t\t\t\t<\/div>\n\t\t\t\t<\/div>\n\t\t\t\t<\/div>\n\t\t","protected":false},"excerpt":{"rendered":"<p>Terms and Conditions Welcome! We encourage you to read the terms and conditions outlining the responsibilities of guests using our [&hellip;]<\/p>\n","protected":false},"author":1,"featured_media":0,"parent":0,"menu_order":0,"comment_status":"closed","ping_status":"closed","template":"elementor_header_footer","meta":{"site-sidebar-layout":"no-sidebar","site-content-layout":"","ast-site-content-layout":"full-width-container","site-content-style":"default","site-sidebar-style":"default","ast-global-header-display":"","ast-banner-title-visibility":"","ast-main-header-display":"","ast-hfb-above-header-display":"","ast-hfb-below-header-display":"","ast-hfb-mobile-header-display":"","site-post-title":"","ast-breadcrumbs-content":"","ast-featured-img":"disabled","footer-sml-layout":"","ast-disable-related-posts":"","theme-transparent-header-meta":"","adv-header-id-meta":"","stick-header-meta":"","header-above-stick-meta":"","header-main-stick-meta":"","header-below-stick-meta":"","astra-migrate-meta-layouts":"default","ast-page-background-enabled":"default","ast-page-background-meta":{"desktop":{"background-color":"var(--ast-global-color-5)","background-image":"","background-repeat":"repeat","background-position":"center center","background-size":"auto","background-attachment":"scroll","background-type":"","background-media":"","overlay-type":"","overlay-color":"","overlay-opacity":"","overlay-gradient":""},"tablet":{"background-color":"","background-image":"","background-repeat":"repeat","background-position":"center center","background-size":"auto","background-attachment":"scroll","background-type":"","background-media":"","overlay-type":"","overlay-color":"","overlay-opacity":"","overlay-gradient":""},"mobile":{"background-color":"","background-image":"","background-repeat":"repeat","background-position":"center center","background-size":"auto","background-attachment":"scroll","background-type":"","background-media":"","overlay-type":"","overlay-color":"","overlay-opacity":"","overlay-gradient":""}},"ast-content-background-meta":{"desktop":{"background-color":"var(--ast-global-color-4)","background-image":"","background-repeat":"repeat","background-position":"center center","background-size":"auto","background-attachment":"scroll","background-type":"","background-media":"","overlay-type":"","overlay-color":"","overlay-opacity":"","overlay-gradient":""},"tablet":{"background-color":"var(--ast-global-color-4)","background-image":"","background-repeat":"repeat","background-position":"center center","background-size":"auto","background-attachment":"scroll","background-type":"","background-media":"","overlay-type":"","overlay-color":"","overlay-opacity":"","overlay-gradient":""},"mobile":{"background-color":"var(--ast-global-color-4)","background-image":"","background-repeat":"repeat","background-position":"center center","background-size":"auto","background-attachment":"scroll","background-type":"","background-media":"","overlay-type":"","overlay-color":"","overlay-opacity":"","overlay-gradient":""}},"footnotes":""},"class_list":["post-1649","page","type-page","status-publish","hentry"],"_links":{"self":[{"href":"https:\/\/apartcottage.pl\/en\/wp-json\/wp\/v2\/pages\/1649","targetHints":{"allow":["GET"]}}],"collection":[{"href":"https:\/\/apartcottage.pl\/en\/wp-json\/wp\/v2\/pages"}],"about":[{"href":"https:\/\/apartcottage.pl\/en\/wp-json\/wp\/v2\/types\/page"}],"author":[{"embeddable":true,"href":"https:\/\/apartcottage.pl\/en\/wp-json\/wp\/v2\/users\/1"}],"replies":[{"embeddable":true,"href":"https:\/\/apartcottage.pl\/en\/wp-json\/wp\/v2\/comments?post=1649"}],"version-history":[{"count":4,"href":"https:\/\/apartcottage.pl\/en\/wp-json\/wp\/v2\/pages\/1649\/revisions"}],"predecessor-version":[{"id":2029,"href":"https:\/\/apartcottage.pl\/en\/wp-json\/wp\/v2\/pages\/1649\/revisions\/2029"}],"wp:attachment":[{"href":"https:\/\/apartcottage.pl\/en\/wp-json\/wp\/v2\/media?parent=1649"}],"curies":[{"name":"wp","href":"https:\/\/api.w.org\/{rel}","templated":true}]}}