{"id":1873,"date":"2026-03-03T21:47:46","date_gmt":"2026-03-03T20:47:46","guid":{"rendered":"https:\/\/apartcottage.pl\/%d0%ba%d0%be%d0%bd%d1%82%d0%b0%d0%ba%d1%82\/"},"modified":"2026-04-10T12:14:39","modified_gmt":"2026-04-10T10:14:39","slug":"%d0%ba%d0%be%d0%bd%d1%82%d0%b0%d0%ba%d1%82","status":"publish","type":"page","link":"https:\/\/apartcottage.pl\/uk\/%d0%ba%d0%be%d0%bd%d1%82%d0%b0%d0%ba%d1%82\/","title":{"rendered":"\u041a\u043e\u043d\u0442\u0430\u043a\u0442"},"content":{"rendered":"\t\t<div data-elementor-type=\"wp-page\" data-elementor-id=\"1873\" class=\"elementor elementor-1873 elementor-181\" data-elementor-settings=\"{&quot;ha_cmc_init_switcher&quot;:&quot;no&quot;}\" data-elementor-post-type=\"page\">\n\t\t\t\t<div data-particle_enable=\"false\" data-particle-mobile-disabled=\"false\" class=\"elementor-element elementor-element-037719d e-flex e-con-boxed e-con e-parent\" data-id=\"037719d\" data-element_type=\"container\" data-e-type=\"container\" data-settings=\"{&quot;background_background&quot;:&quot;classic&quot;,&quot;_ha_eqh_enable&quot;:false}\">\n\t\t\t\t\t<div class=\"e-con-inner\">\n\t\t\t\t<div class=\"elementor-element elementor-element-cc71529 elementor-widget__width-initial elementor-widget-tablet__width-initial elementor-widget elementor-widget-heading\" data-id=\"cc71529\" data-element_type=\"widget\" data-e-type=\"widget\" data-widget_type=\"heading.default\">\n\t\t\t\t\t<h1 class=\"elementor-heading-title elementor-size-default\">\u041a\u043e\u043d\u0442\u0430\u043a\u0442<\/h1>\t\t\t\t<\/div>\n\t\t\t\t\t<\/div>\n\t\t\t\t<\/div>\n\t\t<div data-particle_enable=\"false\" data-particle-mobile-disabled=\"false\" class=\"elementor-element elementor-element-28d50e0b e-flex e-con-boxed e-con e-parent\" data-id=\"28d50e0b\" data-element_type=\"container\" data-e-type=\"container\" data-settings=\"{&quot;background_background&quot;:&quot;classic&quot;,&quot;_ha_eqh_enable&quot;:false}\">\n\t\t\t\t\t<div class=\"e-con-inner\">\n\t\t<div data-particle_enable=\"false\" data-particle-mobile-disabled=\"false\" class=\"elementor-element elementor-element-79c25f58 e-con-full e-flex e-con e-child\" data-id=\"79c25f58\" data-element_type=\"container\" data-e-type=\"container\" data-settings=\"{&quot;_ha_eqh_enable&quot;:false}\">\n\t\t<div data-particle_enable=\"false\" data-particle-mobile-disabled=\"false\" class=\"elementor-element elementor-element-66f2b430 e-con-full animated-slow e-flex e-con e-child\" data-id=\"66f2b430\" data-element_type=\"container\" data-e-type=\"container\" data-settings=\"{&quot;animation&quot;:&quot;none&quot;,&quot;_ha_eqh_enable&quot;:false}\">\n\t\t\t\t<div class=\"elementor-element elementor-element-42bd575d elementor-widget elementor-widget-heading\" data-id=\"42bd575d\" data-element_type=\"widget\" data-e-type=\"widget\" data-settings=\"{&quot;_animation&quot;:&quot;none&quot;}\" data-widget_type=\"heading.default\">\n\t\t\t\t\t<h2 class=\"elementor-heading-title elementor-size-default\">\u0417\u0432'\u044f\u0436\u0456\u0442\u044c\u0441\u044f \u0437 \u043d\u0430\u043c\u0438<\/h2>\t\t\t\t<\/div>\n\t\t\t\t<div class=\"elementor-element elementor-element-114f3566 elementor-widget__width-initial elementor-widget elementor-widget-text-editor\" data-id=\"114f3566\" data-element_type=\"widget\" data-e-type=\"widget\" data-settings=\"{&quot;_animation&quot;:&quot;none&quot;}\" data-widget_type=\"text-editor.default\">\n\t\t\t\t\t\t\t\t\t<p class=\"font-claude-response-body break-words whitespace-normal leading-[1.7]\">\u041c\u0430\u0454\u0442\u0435 \u043f\u0438\u0442\u0430\u043d\u043d\u044f \u0449\u043e\u0434\u043e \u0431\u0440\u043e\u043d\u044e\u0432\u0430\u043d\u043d\u044f, \u0445\u043e\u0447\u0435\u0442\u0435 \u043f\u0435\u0440\u0435\u0432\u0456\u0440\u0438\u0442\u0438 \u0434\u043e\u0441\u0442\u0443\u043f\u043d\u0456\u0441\u0442\u044c \u0442\u0435\u0440\u043c\u0456\u043d\u0456\u0432 \u0430\u0431\u043e \u0434\u0456\u0437\u043d\u0430\u0442\u0438\u0441\u044f \u0431\u0456\u043b\u044c\u0448\u0435 \u043f\u0440\u043e \u043d\u0430\u0448\u0456 \u043e\u0431&#8217;\u0454\u043a\u0442\u0438? \u041d\u0430\u043f\u0438\u0448\u0456\u0442\u044c \u0430\u0431\u043e \u0437\u0430\u0442\u0435\u043b\u0435\u0444\u043e\u043d\u0443\u0439\u0442\u0435, \u043c\u0438 \u0437 \u0440\u0430\u0434\u0456\u0441\u0442\u044e \u0432\u0456\u0434\u043f\u043e\u0432\u0456\u043c\u043e \u043d\u0430 \u0432\u0441\u0456 \u043f\u0438\u0442\u0430\u043d\u043d\u044f \u0456 \u0434\u043e\u043f\u043e\u043c\u043e\u0436\u0435\u043c\u043e \u043f\u0456\u0434\u0456\u0431\u0440\u0430\u0442\u0438 \u0432\u0456\u0434\u043f\u043e\u0432\u0456\u0434\u043d\u0438\u0439 \u0430\u043f\u0430\u0440\u0442\u0430\u043c\u0435\u043d\u0442 \u0430\u0431\u043e \u043a\u043e\u0442\u0435\u0434\u0436 \u0434\u043b\u044f \u0432\u0430\u0441 \u0456 \u0432\u0430\u0448\u0438\u0445 \u0431\u043b\u0438\u0437\u044c\u043a\u0438\u0445.<\/p><p class=\"font-claude-response-body break-words whitespace-normal leading-[1.7]\">\u042f\u043a\u0449\u043e \u0432\u0438 \u043f\u043b\u0430\u043d\u0443\u0454\u0442\u0435 \u0442\u0440\u0438\u0432\u0430\u043b\u0435 \u043f\u0435\u0440\u0435\u0431\u0443\u0432\u0430\u043d\u043d\u044f, \u0441\u0456\u043c\u0435\u0439\u043d\u0435 \u0441\u0432\u044f\u0442\u043e \u0430\u0431\u043e \u043f\u043e\u0457\u0437\u0434\u043a\u0443 \u0443 \u0431\u0456\u043b\u044c\u0448\u043e\u043c\u0443 \u0441\u043a\u043b\u0430\u0434\u0456, \u0437\u0432&#8217;\u044f\u0436\u0456\u0442\u044c\u0441\u044f \u0437 \u043d\u0430\u043c\u0438 \u0437\u0430\u0437\u0434\u0430\u043b\u0435\u0433\u0456\u0434\u044c, \u0456 \u043c\u0438 \u0443\u0437\u0433\u043e\u0434\u0438\u043c\u043e \u0434\u0435\u0442\u0430\u043b\u0456 \u0456\u043d\u0434\u0438\u0432\u0456\u0434\u0443\u0430\u043b\u044c\u043d\u043e.<\/p>\t\t\t\t\t\t\t\t<\/div>\n\t\t\t\t<\/div>\n\t\t<div data-particle_enable=\"false\" data-particle-mobile-disabled=\"false\" class=\"elementor-element elementor-element-ea2b7db e-con-full animated-slow e-flex e-con e-child\" data-id=\"ea2b7db\" data-element_type=\"container\" data-e-type=\"container\" data-settings=\"{&quot;animation&quot;:&quot;none&quot;,&quot;_ha_eqh_enable&quot;:false}\">\n\t\t<div data-particle_enable=\"false\" data-particle-mobile-disabled=\"false\" class=\"elementor-element elementor-element-7bdab9a e-con-full e-flex e-con e-child\" data-id=\"7bdab9a\" data-element_type=\"container\" data-e-type=\"container\" data-settings=\"{&quot;_ha_eqh_enable&quot;:false}\">\n\t\t\t\t<div class=\"elementor-element elementor-element-25d8ce6 elementor-widget elementor-widget-heading\" data-id=\"25d8ce6\" data-element_type=\"widget\" data-e-type=\"widget\" data-widget_type=\"heading.default\">\n\t\t\t\t\t<h3 class=\"elementor-heading-title elementor-size-default\">\u041d\u043e\u043c\u0435\u0440 \u0442\u0435\u043b\u0435\u0444\u043e\u043d\u0443:<\/h3>\t\t\t\t<\/div>\n\t\t\t\t<div class=\"elementor-element elementor-element-95b7699 elementor-icon-list--layout-traditional elementor-list-item-link-full_width elementor-widget elementor-widget-icon-list\" data-id=\"95b7699\" data-element_type=\"widget\" data-e-type=\"widget\" data-widget_type=\"icon-list.default\">\n\t\t\t\t\t\t\t<ul class=\"elementor-icon-list-items\">\n\t\t\t\t\t\t\t<li class=\"elementor-icon-list-item\">\n\t\t\t\t\t\t\t\t\t\t\t<a href=\"tel:+48694700800\">\n\n\t\t\t\t\t\t\t\t\t\t\t<span class=\"elementor-icon-list-text\">+48 694 700 800<\/span>\n\t\t\t\t\t\t\t\t\t\t\t<\/a>\n\t\t\t\t\t\t\t\t\t<\/li>\n\t\t\t\t\t\t<\/ul>\n\t\t\t\t\t\t<\/div>\n\t\t\t\t<\/div>\n\t\t<div data-particle_enable=\"false\" data-particle-mobile-disabled=\"false\" class=\"elementor-element elementor-element-ad9460c e-con-full e-flex e-con e-child\" data-id=\"ad9460c\" data-element_type=\"container\" data-e-type=\"container\" data-settings=\"{&quot;_ha_eqh_enable&quot;:false}\">\n\t\t\t\t<div class=\"elementor-element elementor-element-89afc33 elementor-widget elementor-widget-heading\" data-id=\"89afc33\" data-element_type=\"widget\" data-e-type=\"widget\" data-widget_type=\"heading.default\">\n\t\t\t\t\t<h3 class=\"elementor-heading-title elementor-size-default\">E-mail:<\/h3>\t\t\t\t<\/div>\n\t\t\t\t<div class=\"elementor-element elementor-element-441cc2c elementor-icon-list--layout-traditional elementor-list-item-link-full_width elementor-widget elementor-widget-icon-list\" data-id=\"441cc2c\" data-element_type=\"widget\" data-e-type=\"widget\" data-widget_type=\"icon-list.default\">\n\t\t\t\t\t\t\t<ul class=\"elementor-icon-list-items\">\n\t\t\t\t\t\t\t<li class=\"elementor-icon-list-item\">\n\t\t\t\t\t\t\t\t\t\t\t<a href=\"mailto:manager.apartcottage@gmail.com\">\n\n\t\t\t\t\t\t\t\t\t\t\t<span class=\"elementor-icon-list-text\">manager.apartcottage@gmail.com<\/span>\n\t\t\t\t\t\t\t\t\t\t\t<\/a>\n\t\t\t\t\t\t\t\t\t<\/li>\n\t\t\t\t\t\t<\/ul>\n\t\t\t\t\t\t<\/div>\n\t\t\t\t<\/div>\n\t\t\t\t<\/div>\n\t\t<div data-particle_enable=\"false\" data-particle-mobile-disabled=\"false\" class=\"elementor-element elementor-element-9128db6 e-con-full animated-slow e-flex e-con e-child\" data-id=\"9128db6\" data-element_type=\"container\" data-e-type=\"container\" data-settings=\"{&quot;animation&quot;:&quot;none&quot;,&quot;_ha_eqh_enable&quot;:false}\">\n\t\t\t\t<div class=\"elementor-element elementor-element-4a61d08 elementor-widget elementor-widget-heading\" data-id=\"4a61d08\" data-element_type=\"widget\" data-e-type=\"widget\" data-settings=\"{&quot;_animation&quot;:&quot;none&quot;}\" data-widget_type=\"heading.default\">\n\t\t\t\t\t<h2 class=\"elementor-heading-title elementor-size-default\">\u041b\u043e\u043a\u0430\u0446\u0456\u0457 \u043d\u0430\u0448\u0438\u0445 \u043a\u043e\u0442\u0435\u0434\u0436\u0456\u0432 \u0442\u0430 \u0430\u043f\u0430\u0440\u0442\u0430\u043c\u0435\u043d\u0442\u0456\u0432<\/h2>\t\t\t\t<\/div>\n\t\t<div data-particle_enable=\"false\" data-particle-mobile-disabled=\"false\" class=\"elementor-element elementor-element-40e9e91 e-con-full e-flex e-con e-child\" data-id=\"40e9e91\" data-element_type=\"container\" data-e-type=\"container\" data-settings=\"{&quot;_ha_eqh_enable&quot;:false}\">\n\t\t<div data-particle_enable=\"false\" data-particle-mobile-disabled=\"false\" class=\"elementor-element elementor-element-dab9da6 e-con-full e-flex e-con e-child\" data-id=\"dab9da6\" data-element_type=\"container\" data-e-type=\"container\" data-settings=\"{&quot;_ha_eqh_enable&quot;:false}\">\n\t\t\t\t<div class=\"elementor-element elementor-element-71bc14b elementor-widget elementor-widget-heading\" data-id=\"71bc14b\" data-element_type=\"widget\" data-e-type=\"widget\" data-widget_type=\"heading.default\">\n\t\t\t\t\t<h3 class=\"elementor-heading-title elementor-size-default\">\u0410\u043f\u0430\u0440\u0442\u0430\u043c\u0435\u043d\u0442\u0438 \u0442\u0430 \u043a\u043e\u0442\u0435\u0434\u0436\u0456<\/h3>\t\t\t\t<\/div>\n\t\t\t\t<div class=\"elementor-element elementor-element-808e67a elementor-laptop-align-center elementor-icon-list--layout-traditional elementor-list-item-link-full_width elementor-widget elementor-widget-icon-list\" data-id=\"808e67a\" data-element_type=\"widget\" data-e-type=\"widget\" data-widget_type=\"icon-list.default\">\n\t\t\t\t\t\t\t<ul class=\"elementor-icon-list-items\">\n\t\t\t\t\t\t\t<li class=\"elementor-icon-list-item\">\n\t\t\t\t\t\t\t\t\t\t<span class=\"elementor-icon-list-text\">ul. Terenowa 24, 52-231 Wroc\u0142aw<\/span>\n\t\t\t\t\t\t\t\t\t<\/li>\n\t\t\t\t\t\t<\/ul>\n\t\t\t\t\t\t<\/div>\n\t\t\t\t<div class=\"elementor-element elementor-element-4571874 elementor-widget elementor-widget-google_maps\" data-id=\"4571874\" data-element_type=\"widget\" data-e-type=\"widget\" data-widget_type=\"google_maps.default\">\n\t\t\t\t\t\t\t<div class=\"elementor-custom-embed\">\n\t\t\t<iframe loading=\"lazy\"\n\t\t\t\t\tsrc=\"https:\/\/maps.google.com\/maps?q=ul.%20Terenowa%2024%2C%2052-231%20Wroc%C5%82aw&#038;t=m&#038;z=13&#038;output=embed&#038;iwloc=near\"\n\t\t\t\t\ttitle=\"ul. Terenowa 24, 52-231 Wroc\u0142aw\"\n\t\t\t\t\taria-label=\"ul. Terenowa 24, 52-231 Wroc\u0142aw\"\n\t\t\t><\/iframe>\n\t\t<\/div>\n\t\t\t\t\t\t<\/div>\n\t\t\t\t<\/div>\n\t\t<div data-particle_enable=\"false\" data-particle-mobile-disabled=\"false\" class=\"elementor-element elementor-element-49bc222 e-con-full e-flex e-con e-child\" data-id=\"49bc222\" data-element_type=\"container\" data-e-type=\"container\" data-settings=\"{&quot;_ha_eqh_enable&quot;:false}\">\n\t\t\t\t<div class=\"elementor-element elementor-element-cde28eb elementor-widget elementor-widget-heading\" data-id=\"cde28eb\" data-element_type=\"widget\" data-e-type=\"widget\" data-widget_type=\"heading.default\">\n\t\t\t\t\t<h3 class=\"elementor-heading-title elementor-size-default\">Party House<\/h3>\t\t\t\t<\/div>\n\t\t\t\t<div class=\"elementor-element elementor-element-4fc485a elementor-laptop-align-center elementor-icon-list--layout-traditional elementor-list-item-link-full_width elementor-widget elementor-widget-icon-list\" data-id=\"4fc485a\" data-element_type=\"widget\" data-e-type=\"widget\" data-widget_type=\"icon-list.default\">\n\t\t\t\t\t\t\t<ul class=\"elementor-icon-list-items\">\n\t\t\t\t\t\t\t<li class=\"elementor-icon-list-item\">\n\t\t\t\t\t\t\t\t\t\t<span class=\"elementor-icon-list-text\">ul. Terenowa 22, 52-231 Wroc\u0142aw<\/span>\n\t\t\t\t\t\t\t\t\t<\/li>\n\t\t\t\t\t\t<\/ul>\n\t\t\t\t\t\t<\/div>\n\t\t\t\t<div class=\"elementor-element elementor-element-88099bb elementor-widget elementor-widget-google_maps\" data-id=\"88099bb\" data-element_type=\"widget\" data-e-type=\"widget\" data-widget_type=\"google_maps.default\">\n\t\t\t\t\t\t\t<div class=\"elementor-custom-embed\">\n\t\t\t<iframe loading=\"lazy\"\n\t\t\t\t\tsrc=\"https:\/\/maps.google.com\/maps?q=ul.%20Terenowa%2022%2C%2052-231%20Wroc%C5%82aw&#038;t=m&#038;z=13&#038;output=embed&#038;iwloc=near\"\n\t\t\t\t\ttitle=\"ul. Terenowa 22, 52-231 Wroc\u0142aw\"\n\t\t\t\t\taria-label=\"ul. Terenowa 22, 52-231 Wroc\u0142aw\"\n\t\t\t><\/iframe>\n\t\t<\/div>\n\t\t\t\t\t\t<\/div>\n\t\t\t\t<\/div>\n\t\t<div data-particle_enable=\"false\" data-particle-mobile-disabled=\"false\" class=\"elementor-element elementor-element-2accd33 e-con-full e-flex e-con e-child\" data-id=\"2accd33\" data-element_type=\"container\" data-e-type=\"container\" data-settings=\"{&quot;_ha_eqh_enable&quot;:false}\">\n\t\t\t\t<div class=\"elementor-element elementor-element-4a4586a elementor-widget elementor-widget-heading\" data-id=\"4a4586a\" data-element_type=\"widget\" data-e-type=\"widget\" data-widget_type=\"heading.default\">\n\t\t\t\t\t<h3 class=\"elementor-heading-title elementor-size-default\">\u0410\u043f\u0430\u0440\u0442\u0430\u043c\u0435\u043d\u0442 \u0431\u0456\u043b\u044f \u0440\u0438\u043d\u043a\u0443<\/h3>\t\t\t\t<\/div>\n\t\t\t\t<div class=\"elementor-element elementor-element-4472b2c elementor-laptop-align-center elementor-icon-list--layout-traditional elementor-list-item-link-full_width elementor-widget elementor-widget-icon-list\" data-id=\"4472b2c\" data-element_type=\"widget\" data-e-type=\"widget\" data-widget_type=\"icon-list.default\">\n\t\t\t\t\t\t\t<ul class=\"elementor-icon-list-items\">\n\t\t\t\t\t\t\t<li class=\"elementor-icon-list-item\">\n\t\t\t\t\t\t\t\t\t\t<span class=\"elementor-icon-list-text\">ul. \u015awidnicka 8a, 50-067 Wroc\u0142aw<\/span>\n\t\t\t\t\t\t\t\t\t<\/li>\n\t\t\t\t\t\t<\/ul>\n\t\t\t\t\t\t<\/div>\n\t\t\t\t<div class=\"elementor-element elementor-element-7f07a48 elementor-widget elementor-widget-google_maps\" data-id=\"7f07a48\" data-element_type=\"widget\" data-e-type=\"widget\" data-widget_type=\"google_maps.default\">\n\t\t\t\t\t\t\t<div class=\"elementor-custom-embed\">\n\t\t\t<iframe loading=\"lazy\"\n\t\t\t\t\tsrc=\"https:\/\/maps.google.com\/maps?q=ul.%20%C5%9Awidnicka%208a%2C%2050-067%20Wroc%C5%82aw&#038;t=m&#038;z=13&#038;output=embed&#038;iwloc=near\"\n\t\t\t\t\ttitle=\"ul. \u015awidnicka 8a, 50-067 Wroc\u0142aw\"\n\t\t\t\t\taria-label=\"ul. \u015awidnicka 8a, 50-067 Wroc\u0142aw\"\n\t\t\t><\/iframe>\n\t\t<\/div>\n\t\t\t\t\t\t<\/div>\n\t\t\t\t<\/div>\n\t\t\t\t<\/div>\n\t\t\t\t<\/div>\n\t\t<div data-particle_enable=\"false\" data-particle-mobile-disabled=\"false\" class=\"elementor-element elementor-element-34ea08c e-con-full animated-slow e-flex e-con e-child\" data-id=\"34ea08c\" data-element_type=\"container\" data-e-type=\"container\" data-settings=\"{&quot;animation&quot;:&quot;none&quot;,&quot;_ha_eqh_enable&quot;:false}\">\n\t\t\t\t<div class=\"elementor-element elementor-element-ca918e7 elementor-widget__width-initial elementor-widget elementor-widget-text-editor\" data-id=\"ca918e7\" data-element_type=\"widget\" data-e-type=\"widget\" data-settings=\"{&quot;_animation&quot;:&quot;none&quot;}\" data-widget_type=\"text-editor.default\">\n\t\t\t\t\t\t\t\t\t<p class=\"font-claude-response-body break-words whitespace-normal leading-[1.7]\"><strong>\u0414\u0430\u043d\u0456 \u043a\u043e\u043c\u043f\u0430\u043d\u0456\u0457: <\/strong> <br>TENNISBU\u0141ATSKI BARTOSZ BU\u0141AT ul. \u015bw. Miko\u0142aja 51\/52, 50-127 Wroc\u0142aw NIP: 8862442409<\/p>\t\t\t\t\t\t\t\t<\/div>\n\t\t\t\t<\/div>\n\t\t\t\t<\/div>\n\t\t\t\t\t<\/div>\n\t\t\t\t<\/div>\n\t\t\t\t<\/div>\n\t\t","protected":false},"excerpt":{"rendered":"<p>\u041a\u043e\u043d\u0442\u0430\u043a\u0442 \u0417\u0432&#8217;\u044f\u0436\u0456\u0442\u044c\u0441\u044f \u0437 \u043d\u0430\u043c\u0438 \u041c\u0430\u0454\u0442\u0435 \u043f\u0438\u0442\u0430\u043d\u043d\u044f \u0449\u043e\u0434\u043e \u0431\u0440\u043e\u043d\u044e\u0432\u0430\u043d\u043d\u044f, \u0445\u043e\u0447\u0435\u0442\u0435 \u043f\u0435\u0440\u0435\u0432\u0456\u0440\u0438\u0442\u0438 \u0434\u043e\u0441\u0442\u0443\u043f\u043d\u0456\u0441\u0442\u044c \u0442\u0435\u0440\u043c\u0456\u043d\u0456\u0432 \u0430\u0431\u043e \u0434\u0456\u0437\u043d\u0430\u0442\u0438\u0441\u044f \u0431\u0456\u043b\u044c\u0448\u0435 \u043f\u0440\u043e \u043d\u0430\u0448\u0456 \u043e\u0431&#8217;\u0454\u043a\u0442\u0438? \u041d\u0430\u043f\u0438\u0448\u0456\u0442\u044c \u0430\u0431\u043e [&hellip;]<\/p>\n","protected":false},"author":1,"featured_media":0,"parent":0,"menu_order":0,"comment_status":"closed","ping_status":"closed","template":"","meta":{"site-sidebar-layout":"no-sidebar","site-content-layout":"","ast-site-content-layout":"full-width-container","site-content-style":"default","site-sidebar-style":"default","ast-global-header-display":"","ast-banner-title-visibility":"","ast-main-header-display":"","ast-hfb-above-header-display":"","ast-hfb-below-header-display":"","ast-hfb-mobile-header-display":"","site-post-title":"disabled","ast-breadcrumbs-content":"","ast-featured-img":"disabled","footer-sml-layout":"","ast-disable-related-posts":"","theme-transparent-header-meta":"","adv-header-id-meta":"","stick-header-meta":"","header-above-stick-meta":"","header-main-stick-meta":"","header-below-stick-meta":"","astra-migrate-meta-layouts":"default","ast-page-background-enabled":"default","ast-page-background-meta":{"desktop":{"background-color":"var(--ast-global-color-5)","background-image":"","background-repeat":"repeat","background-position":"center center","background-size":"auto","background-attachment":"scroll","background-type":"","background-media":"","overlay-type":"","overlay-color":"","overlay-opacity":"","overlay-gradient":""},"tablet":{"background-color":"","background-image":"","background-repeat":"repeat","background-position":"center center","background-size":"auto","background-attachment":"scroll","background-type":"","background-media":"","overlay-type":"","overlay-color":"","overlay-opacity":"","overlay-gradient":""},"mobile":{"background-color":"","background-image":"","background-repeat":"repeat","background-position":"center center","background-size":"auto","background-attachment":"scroll","background-type":"","background-media":"","overlay-type":"","overlay-color":"","overlay-opacity":"","overlay-gradient":""}},"ast-content-background-meta":{"desktop":{"background-color":"var(--ast-global-color-4)","background-image":"","background-repeat":"repeat","background-position":"center center","background-size":"auto","background-attachment":"scroll","background-type":"","background-media":"","overlay-type":"","overlay-color":"","overlay-opacity":"","overlay-gradient":""},"tablet":{"background-color":"var(--ast-global-color-4)","background-image":"","background-repeat":"repeat","background-position":"center center","background-size":"auto","background-attachment":"scroll","background-type":"","background-media":"","overlay-type":"","overlay-color":"","overlay-opacity":"","overlay-gradient":""},"mobile":{"background-color":"var(--ast-global-color-4)","background-image":"","background-repeat":"repeat","background-position":"center center","background-size":"auto","background-attachment":"scroll","background-type":"","background-media":"","overlay-type":"","overlay-color":"","overlay-opacity":"","overlay-gradient":""}},"footnotes":""},"class_list":["post-1873","page","type-page","status-publish","hentry"],"_links":{"self":[{"href":"https:\/\/apartcottage.pl\/uk\/wp-json\/wp\/v2\/pages\/1873","targetHints":{"allow":["GET"]}}],"collection":[{"href":"https:\/\/apartcottage.pl\/uk\/wp-json\/wp\/v2\/pages"}],"about":[{"href":"https:\/\/apartcottage.pl\/uk\/wp-json\/wp\/v2\/types\/page"}],"author":[{"embeddable":true,"href":"https:\/\/apartcottage.pl\/uk\/wp-json\/wp\/v2\/users\/1"}],"replies":[{"embeddable":true,"href":"https:\/\/apartcottage.pl\/uk\/wp-json\/wp\/v2\/comments?post=1873"}],"version-history":[{"count":2,"href":"https:\/\/apartcottage.pl\/uk\/wp-json\/wp\/v2\/pages\/1873\/revisions"}],"predecessor-version":[{"id":1875,"href":"https:\/\/apartcottage.pl\/uk\/wp-json\/wp\/v2\/pages\/1873\/revisions\/1875"}],"wp:attachment":[{"href":"https:\/\/apartcottage.pl\/uk\/wp-json\/wp\/v2\/media?parent=1873"}],"curies":[{"name":"wp","href":"https:\/\/api.w.org\/{rel}","templated":true}]}}